{"id":482,"date":"2024-03-13T14:18:54","date_gmt":"2024-03-13T14:18:54","guid":{"rendered":"https:\/\/nesvankiai.lt\/?page_id=482"},"modified":"2024-03-13T14:18:54","modified_gmt":"2024-03-13T14:18:54","slug":"kontaktai","status":"publish","type":"page","link":"https:\/\/nesvankiai.lt\/index.php\/kontaktai\/","title":{"rendered":"KONTAKTAI"},"content":{"rendered":"\n<p>Visi klausimai d\u0117l drabu\u017ei\u0173 bei kit\u0173 preki\u0173: info@nesvankiai.lt<\/p>\n\n\n\n<p><a href=\"https:\/\/www.youtube.com\/@nesvankiai\">https:\/\/www.youtube.com\/@nesvankiai<\/a><\/p>\n\n\n\n<p><a href=\"https:\/\/www.instagram.com\/nesvankiai\/\">https:\/\/www.instagram.com\/nesvankiai\/<\/a><\/p>\n\n\n\n<p><a href=\"https:\/\/www.facebook.com\/nesvankiai\/\">https:\/\/www.facebook.com\/nesvankiai\/<\/a><\/p>\n\n\n\n<figure class=\"wp-block-embed is-type-rich is-provider-tiktok wp-block-embed-tiktok\"><div class=\"wp-block-embed__wrapper\">\n<blockquote class=\"tiktok-embed\" cite=\"https:\/\/www.tiktok.com\/@nesvankiai\" data-unique-id=\"nesvankiai\" data-embed-from=\"oembed\" data-embed-type=\"creator\" style=\"max-width:780px; min-width:288px;\"> <section> <a target=\"_blank\" href=\"https:\/\/www.tiktok.com\/@nesvankiai?refer=creator_embed\">@nesvankiai<\/a> <\/section> <\/blockquote> <script async src=\"https:\/\/www.tiktok.com\/embed.js\"><\/script>\n<\/div><\/figure>\n","protected":false},"excerpt":{"rendered":"<p>Visi klausimai d\u0117l drabu\u017ei\u0173 bei kit\u0173 preki\u0173: info@nesvankiai.lt https:\/\/www.youtube.com\/@nesvankiai https:\/\/www.instagram.com\/nesvankiai\/ https:\/\/www.facebook.com\/nesvankiai\/<\/p>\n","protected":false},"author":2,"featured_media":0,"parent":0,"menu_order":0,"comment_status":"closed","ping_status":"closed","template":"","meta":{"footnotes":""},"class_list":["post-482","page","type-page","status-publish","hentry"],"_links":{"self":[{"href":"https:\/\/nesvankiai.lt\/index.php\/wp-json\/wp\/v2\/pages\/482","targetHints":{"allow":["GET"]}}],"collection":[{"href":"https:\/\/nesvankiai.lt\/index.php\/wp-json\/wp\/v2\/pages"}],"about":[{"href":"https:\/\/nesvankiai.lt\/index.php\/wp-json\/wp\/v2\/types\/page"}],"author":[{"embeddable":true,"href":"https:\/\/nesvankiai.lt\/index.php\/wp-json\/wp\/v2\/users\/2"}],"replies":[{"embeddable":true,"href":"https:\/\/nesvankiai.lt\/index.php\/wp-json\/wp\/v2\/comments?post=482"}],"version-history":[{"count":1,"href":"https:\/\/nesvankiai.lt\/index.php\/wp-json\/wp\/v2\/pages\/482\/revisions"}],"predecessor-version":[{"id":483,"href":"https:\/\/nesvankiai.lt\/index.php\/wp-json\/wp\/v2\/pages\/482\/revisions\/483"}],"wp:attachment":[{"href":"https:\/\/nesvankiai.lt\/index.php\/wp-json\/wp\/v2\/media?parent=482"}],"curies":[{"name":"wp","href":"https:\/\/api.w.org\/{rel}","templated":true}]}}