{"id":487,"date":"2024-03-13T14:53:56","date_gmt":"2024-03-13T14:53:56","guid":{"rendered":"https:\/\/nesvankiai.lt\/?page_id=487"},"modified":"2024-03-13T14:53:56","modified_gmt":"2024-03-13T14:53:56","slug":"apie-mus","status":"publish","type":"page","link":"https:\/\/nesvankiai.lt\/index.php\/apie-mus\/","title":{"rendered":"APIE MUS"},"content":{"rendered":"\n<p>www.nesvankiai.lt &#8211; internetin\u0117 parduotuv\u0117, kuri prekiauja ne\u0161vanki\u0173 bi\u010d\u0173 atributika ir i\u0161 j\u0173 video atkeliavusias prekes. Rekomenduojama rinktis prekes atsakingai, nes gr\u0105\u017einimas negalimas.<\/p>\n","protected":false},"excerpt":{"rendered":"<p>www.nesvankiai.lt &#8211; internetin\u0117 parduotuv\u0117, kuri prekiauja ne\u0161vanki\u0173 bi\u010d\u0173 atributika ir i\u0161 j\u0173 video atkeliavusias prekes. Rekomenduojama rinktis prekes atsakingai, nes gr\u0105\u017einimas negalimas.<\/p>\n","protected":false},"author":2,"featured_media":0,"parent":0,"menu_order":0,"comment_status":"closed","ping_status":"closed","template":"","meta":{"footnotes":""},"class_list":["post-487","page","type-page","status-publish","hentry"],"_links":{"self":[{"href":"https:\/\/nesvankiai.lt\/index.php\/wp-json\/wp\/v2\/pages\/487","targetHints":{"allow":["GET"]}}],"collection":[{"href":"https:\/\/nesvankiai.lt\/index.php\/wp-json\/wp\/v2\/pages"}],"about":[{"href":"https:\/\/nesvankiai.lt\/index.php\/wp-json\/wp\/v2\/types\/page"}],"author":[{"embeddable":true,"href":"https:\/\/nesvankiai.lt\/index.php\/wp-json\/wp\/v2\/users\/2"}],"replies":[{"embeddable":true,"href":"https:\/\/nesvankiai.lt\/index.php\/wp-json\/wp\/v2\/comments?post=487"}],"version-history":[{"count":1,"href":"https:\/\/nesvankiai.lt\/index.php\/wp-json\/wp\/v2\/pages\/487\/revisions"}],"predecessor-version":[{"id":488,"href":"https:\/\/nesvankiai.lt\/index.php\/wp-json\/wp\/v2\/pages\/487\/revisions\/488"}],"wp:attachment":[{"href":"https:\/\/nesvankiai.lt\/index.php\/wp-json\/wp\/v2\/media?parent=487"}],"curies":[{"name":"wp","href":"https:\/\/api.w.org\/{rel}","templated":true}]}}