{"id":278,"date":"2024-01-29T16:09:19","date_gmt":"2024-01-29T16:09:19","guid":{"rendered":"https:\/\/nesvankiai.lt\/?post_type=product&#038;p=278"},"modified":"2024-05-07T14:49:18","modified_gmt":"2024-05-07T14:49:18","slug":"dzemperis","status":"publish","type":"product","link":"https:\/\/nesvankiai.lt\/index.php\/produktas\/dzemperis\/","title":{"rendered":"OVERSIZE d\u017eemperis"},"content":{"rendered":"<p><img fetchpriority=\"high\" decoding=\"async\" class=\"alignnone wp-image-447 size-full\" src=\"https:\/\/nesvankiai.lt\/wp-content\/uploads\/2024\/01\/Screenshot-2024-02-19-at-12.40.31.png\" alt=\"\" width=\"1984\" height=\"622\" srcset=\"https:\/\/nesvankiai.lt\/wp-content\/uploads\/2024\/01\/Screenshot-2024-02-19-at-12.40.31.png 1984w, https:\/\/nesvankiai.lt\/wp-content\/uploads\/2024\/01\/Screenshot-2024-02-19-at-12.40.31-300x94.png 300w, https:\/\/nesvankiai.lt\/wp-content\/uploads\/2024\/01\/Screenshot-2024-02-19-at-12.40.31-1024x321.png 1024w, https:\/\/nesvankiai.lt\/wp-content\/uploads\/2024\/01\/Screenshot-2024-02-19-at-12.40.31-768x241.png 768w, https:\/\/nesvankiai.lt\/wp-content\/uploads\/2024\/01\/Screenshot-2024-02-19-at-12.40.31-1536x482.png 1536w, https:\/\/nesvankiai.lt\/wp-content\/uploads\/2024\/01\/Screenshot-2024-02-19-at-12.40.31-600x188.png 600w\" sizes=\"(max-width: 1984px) 100vw, 1984px\" \/><\/p>\n","protected":false},"excerpt":{"rendered":"<p class=\"p1\">85 proc. organin\u0117 medviln\u0117, 15 proc. perdirbtas poliesteris.<\/p>\n<p>D\u017eemper\u012f pagaminsime ir atsi\u0173sime per 10 d.d.<\/p>\n<p class=\"p1\">Individual\u016bs u\u017esakymai n\u0117ra gr\u0105\u017einami.<\/p>\n","protected":false},"featured_media":270,"template":"","meta":[],"product_cat":[32],"product_tag":[],"class_list":{"0":"post-278","1":"product","2":"type-product","3":"status-publish","4":"has-post-thumbnail","6":"product_cat-dzemperiai","8":"first","9":"instock","10":"shipping-taxable","11":"purchasable","12":"product-type-variable"},"_links":{"self":[{"href":"https:\/\/nesvankiai.lt\/index.php\/wp-json\/wp\/v2\/product\/278","targetHints":{"allow":["GET"]}}],"collection":[{"href":"https:\/\/nesvankiai.lt\/index.php\/wp-json\/wp\/v2\/product"}],"about":[{"href":"https:\/\/nesvankiai.lt\/index.php\/wp-json\/wp\/v2\/types\/product"}],"wp:featuredmedia":[{"embeddable":true,"href":"https:\/\/nesvankiai.lt\/index.php\/wp-json\/wp\/v2\/media\/270"}],"wp:attachment":[{"href":"https:\/\/nesvankiai.lt\/index.php\/wp-json\/wp\/v2\/media?parent=278"}],"wp:term":[{"taxonomy":"product_cat","embeddable":true,"href":"https:\/\/nesvankiai.lt\/index.php\/wp-json\/wp\/v2\/product_cat?post=278"},{"taxonomy":"product_tag","embeddable":true,"href":"https:\/\/nesvankiai.lt\/index.php\/wp-json\/wp\/v2\/product_tag?post=278"}],"curies":[{"name":"wp","href":"https:\/\/api.w.org\/{rel}","templated":true}]}}