{"id":531,"date":"2024-04-10T14:22:07","date_gmt":"2024-04-10T14:22:07","guid":{"rendered":"https:\/\/nesvankiai.lt\/?post_type=product&#038;p=531"},"modified":"2024-05-07T14:47:56","modified_gmt":"2024-05-07T14:47:56","slug":"oversize-marskineliai-2","status":"publish","type":"product","link":"https:\/\/nesvankiai.lt\/index.php\/produktas\/oversize-marskineliai-2\/","title":{"rendered":"OVERSIZE mar\u0161kin\u0117liai"},"content":{"rendered":"<p><img fetchpriority=\"high\" decoding=\"async\" class=\"wp-image-553 aligncenter\" src=\"https:\/\/nesvankiai.lt\/wp-content\/uploads\/2024\/04\/Screenshot-2024-04-13-at-09.42.59-1-300x88.jpg\" alt=\"\" width=\"927\" height=\"272\" srcset=\"https:\/\/nesvankiai.lt\/wp-content\/uploads\/2024\/04\/Screenshot-2024-04-13-at-09.42.59-1-300x88.jpg 300w, https:\/\/nesvankiai.lt\/wp-content\/uploads\/2024\/04\/Screenshot-2024-04-13-at-09.42.59-1-1024x300.jpg 1024w, https:\/\/nesvankiai.lt\/wp-content\/uploads\/2024\/04\/Screenshot-2024-04-13-at-09.42.59-1-768x225.jpg 768w, https:\/\/nesvankiai.lt\/wp-content\/uploads\/2024\/04\/Screenshot-2024-04-13-at-09.42.59-1-600x176.jpg 600w, https:\/\/nesvankiai.lt\/wp-content\/uploads\/2024\/04\/Screenshot-2024-04-13-at-09.42.59-1.jpg 1320w\" sizes=\"(max-width: 927px) 100vw, 927px\" \/><\/p>\n","protected":false},"excerpt":{"rendered":"<p class=\"p1\">100 proc. organin\u0117 medviln\u0117.<\/p>\n<p>Mar\u0161kin\u0117lius pagaminsime ir atsi\u0173sime per 10 d.d.<\/p>\n<p class=\"p1\">Individual\u016bs u\u017esakymai n\u0117ra gr\u0105\u017einami.<\/p>\n","protected":false},"featured_media":574,"template":"","meta":[],"product_cat":[32],"product_tag":[],"class_list":{"0":"post-531","1":"product","2":"type-product","3":"status-publish","4":"has-post-thumbnail","6":"product_cat-dzemperiai","8":"first","9":"instock","10":"shipping-taxable","11":"purchasable","12":"product-type-variable"},"_links":{"self":[{"href":"https:\/\/nesvankiai.lt\/index.php\/wp-json\/wp\/v2\/product\/531","targetHints":{"allow":["GET"]}}],"collection":[{"href":"https:\/\/nesvankiai.lt\/index.php\/wp-json\/wp\/v2\/product"}],"about":[{"href":"https:\/\/nesvankiai.lt\/index.php\/wp-json\/wp\/v2\/types\/product"}],"wp:featuredmedia":[{"embeddable":true,"href":"https:\/\/nesvankiai.lt\/index.php\/wp-json\/wp\/v2\/media\/574"}],"wp:attachment":[{"href":"https:\/\/nesvankiai.lt\/index.php\/wp-json\/wp\/v2\/media?parent=531"}],"wp:term":[{"taxonomy":"product_cat","embeddable":true,"href":"https:\/\/nesvankiai.lt\/index.php\/wp-json\/wp\/v2\/product_cat?post=531"},{"taxonomy":"product_tag","embeddable":true,"href":"https:\/\/nesvankiai.lt\/index.php\/wp-json\/wp\/v2\/product_tag?post=531"}],"curies":[{"name":"wp","href":"https:\/\/api.w.org\/{rel}","templated":true}]}}